{"id":1603,"date":"2022-02-15T12:19:57","date_gmt":"2022-02-15T11:19:57","guid":{"rendered":"https:\/\/firaocupacio.icab.cat\/edicio-2021\/"},"modified":"2022-02-15T16:49:03","modified_gmt":"2022-02-15T15:49:03","slug":"edicio-2021","status":"publish","type":"page","link":"https:\/\/firaocupacio.icab.cat\/es\/edicio-2021\/","title":{"rendered":"EDICI\u00d3N 2021"},"content":{"rendered":"\t\t<div data-elementor-type=\"wp-page\" data-elementor-id=\"1603\" class=\"elementor elementor-1603\">\n\t\t\t\t\t\t<div class=\"elementor-inner\">\n\t\t\t\t<div class=\"elementor-section-wrap\">\n\t\t\t\t\t\t\t\t\t<section class=\"elementor-section elementor-top-section elementor-element elementor-element-2fc7b99 elementor-section-boxed elementor-section-height-default elementor-section-height-default\" data-id=\"2fc7b99\" data-element_type=\"section\">\n\t\t\t\t\t\t<div class=\"elementor-container elementor-column-gap-default\">\n\t\t\t\t\t\t\t<div class=\"elementor-row\">\n\t\t\t\t\t<div class=\"elementor-column elementor-col-100 elementor-top-column elementor-element elementor-element-92f9747\" data-id=\"92f9747\" data-element_type=\"column\">\n\t\t\t<div class=\"elementor-column-wrap elementor-element-populated\">\n\t\t\t\t\t\t\t<div class=\"elementor-widget-wrap\">\n\t\t\t\t\t\t<div class=\"elementor-element elementor-element-a6cc823 elementor-widget-divider--view-line elementor-widget elementor-widget-divider\" data-id=\"a6cc823\" data-element_type=\"widget\" data-widget_type=\"divider.default\">\n\t\t\t\t<div class=\"elementor-widget-container\">\n\t\t\t\t\t<div class=\"elementor-divider\">\n\t\t\t<span class=\"elementor-divider-separator\">\n\t\t\t\t\t\t<\/span>\n\t\t<\/div>\n\t\t\t\t<\/div>\n\t\t\t\t<\/div>\n\t\t\t\t<div class=\"elementor-element elementor-element-c7d74de elementor-widget elementor-widget-heading\" data-id=\"c7d74de\" data-element_type=\"widget\" data-widget_type=\"heading.default\">\n\t\t\t\t<div class=\"elementor-widget-container\">\n\t\t\t<h3 class=\"elementor-heading-title elementor-size-default\">RESUMEN 5\u00aa FERIA DEL EMPLEO ICAB (VIRTUAL)<\/h3>\t\t<\/div>\n\t\t\t\t<\/div>\n\t\t\t\t<div class=\"elementor-element elementor-element-f6557d2 elementor-widget-divider--view-line elementor-widget elementor-widget-divider\" data-id=\"f6557d2\" data-element_type=\"widget\" data-widget_type=\"divider.default\">\n\t\t\t\t<div class=\"elementor-widget-container\">\n\t\t\t\t\t<div class=\"elementor-divider\">\n\t\t\t<span class=\"elementor-divider-separator\">\n\t\t\t\t\t\t<\/span>\n\t\t<\/div>\n\t\t\t\t<\/div>\n\t\t\t\t<\/div>\n\t\t\t\t\t\t<\/div>\n\t\t\t\t\t<\/div>\n\t\t<\/div>\n\t\t\t\t\t\t\t\t<\/div>\n\t\t\t\t\t<\/div>\n\t\t<\/section>\n\t\t\t\t<section class=\"elementor-section elementor-top-section elementor-element elementor-element-ab4e293 elementor-section-boxed elementor-section-height-default elementor-section-height-default\" data-id=\"ab4e293\" data-element_type=\"section\">\n\t\t\t\t\t\t<div class=\"elementor-container elementor-column-gap-default\">\n\t\t\t\t\t\t\t<div class=\"elementor-row\">\n\t\t\t\t\t<div class=\"elementor-column elementor-col-100 elementor-top-column elementor-element elementor-element-bc76d3c\" data-id=\"bc76d3c\" data-element_type=\"column\">\n\t\t\t<div class=\"elementor-column-wrap elementor-element-populated\">\n\t\t\t\t\t\t\t<div class=\"elementor-widget-wrap\">\n\t\t\t\t\t\t<section class=\"elementor-section elementor-inner-section elementor-element elementor-element-412eff9 elementor-section-boxed elementor-section-height-default elementor-section-height-default\" data-id=\"412eff9\" data-element_type=\"section\">\n\t\t\t\t\t\t<div class=\"elementor-container elementor-column-gap-default\">\n\t\t\t\t\t\t\t<div class=\"elementor-row\">\n\t\t\t\t\t<div class=\"elementor-column elementor-col-100 elementor-inner-column elementor-element elementor-element-ace313b\" data-id=\"ace313b\" data-element_type=\"column\">\n\t\t\t<div class=\"elementor-column-wrap elementor-element-populated\">\n\t\t\t\t\t\t\t<div class=\"elementor-widget-wrap\">\n\t\t\t\t\t\t<div class=\"elementor-element elementor-element-5de5fd6 elementor-widget elementor-widget-text-editor\" data-id=\"5de5fd6\" data-element_type=\"widget\" data-widget_type=\"text-editor.default\">\n\t\t\t\t<div class=\"elementor-widget-container\">\n\t\t\t\t\t\t\t\t<div class=\"elementor-text-editor elementor-clearfix\">\n\t\t\t\t<p>El Colegio de la Abogac\u00eda de Barcelona (ICAB)\u00a0celebr\u00f3 la <strong>5\u00aa edici\u00f3n de la Feria del Empleo, el 11 de marzo de 2021.<\/strong><\/p><p>La principal novedad respecto a ediciones anteriores es que <strong>el acontecimiento se realiz\u00f3 de forma virtual a causa de la COVID-19.<\/strong><\/p><p>La iniciativa, basada en un intercambio de talento y networking, dio la oportunidad a los y las estudiantes de Derecho, colegiados y colegiadas y asociados y asociadas del ICAB de darse a conocer entre los profesionales del mundo de la abogac\u00eda y del Derecho. Estos contaban con la posibilidad de poder entrevistar a los candidatos y candidatas que se ofrec\u00edan a las respectivas ofertas de trabajo.<\/p><p>Tanto las empresas, despachos y entidades, como las personas usuarias interesadas en\u00a0 participar en el acontecimiento pudieron disfrutar de todas las ventajas que les ofrec\u00eda participar en una Feria pero sin la necesidad de desplazarse.<\/p><p>La Feria ofreci\u00f3 entrevistas con despachos y otras entidades, una bolsa de trabajo, asesoramiento personal en la creaci\u00f3n o consolidaci\u00f3n de un despacho propio y talleres innovadores.<\/p><p>Durante la celebraci\u00f3n de la Feria del Empleo del ICAB se llevaron a cabo una serie de talleres con el objetivo de actualizar las competencias, novedades, conocimientos y herramientas pr\u00e1cticas sobre las tendencias en el sector jur\u00eddico-legal.<\/p><p>Participaron los despachos: <strong>P\u00e9rez-Llorca Abogados, Ur\u00eda Men\u00e9ndez, DAUSS, Garrigues, Deloitte Legal, Grant Thornton, Auren, Arco Abogados y Asesores Tributarios, HAYS Recruting experts worldwide, Augusta Abogados, Ceca Magan Abogados, Lener, Nationale Nederlanden, Cuatrecasas Gon\u00e7alves Pereira, Rocha Paus Grupo Legal, Emilio Ortiz Abogados, Monero Meyer Abogados, TMF Group, Roca Junyent, Jausas, Gestdocument, Grupo Mainjobs, <\/strong>y <strong>ARAG S.A.<\/strong><\/p>\t\t\t\t\t<\/div>\n\t\t\t\t\t\t<\/div>\n\t\t\t\t<\/div>\n\t\t\t\t\t\t<\/div>\n\t\t\t\t\t<\/div>\n\t\t<\/div>\n\t\t\t\t\t\t\t\t<\/div>\n\t\t\t\t\t<\/div>\n\t\t<\/section>\n\t\t\t\t\t\t<\/div>\n\t\t\t\t\t<\/div>\n\t\t<\/div>\n\t\t\t\t\t\t\t\t<\/div>\n\t\t\t\t\t<\/div>\n\t\t<\/section>\n\t\t\t\t\t\t\t\t\t<\/div>\n\t\t\t<\/div>\n\t\t\t\t\t<\/div>\n\t\t","protected":false},"excerpt":{"rendered":"<p>RESUMEN 5\u00aa FERIA DEL EMPLEO ICAB (VIRTUAL) El Colegio de la Abogac\u00eda de Barcelona (ICAB)\u00a0celebr\u00f3 la 5\u00aa edici\u00f3n de la Feria del Empleo, el 11 de marzo de 2021. La principal novedad respecto a ediciones anteriores es que el acontecimiento se realiz\u00f3 de forma virtual a causa de la COVID-19. La iniciativa, basada en un &#8230; <a title=\"EDICI\u00d3N 2021\" class=\"read-more\" href=\"https:\/\/firaocupacio.icab.cat\/es\/edicio-2021\/\" aria-label=\"Leer m\u00e1s sobre EDICI\u00d3N 2021\">Read more<\/a><\/p>\n","protected":false},"author":2,"featured_media":0,"parent":0,"menu_order":0,"comment_status":"closed","ping_status":"closed","template":"","meta":[],"_links":{"self":[{"href":"https:\/\/firaocupacio.icab.cat\/es\/wp-json\/wp\/v2\/pages\/1603"}],"collection":[{"href":"https:\/\/firaocupacio.icab.cat\/es\/wp-json\/wp\/v2\/pages"}],"about":[{"href":"https:\/\/firaocupacio.icab.cat\/es\/wp-json\/wp\/v2\/types\/page"}],"author":[{"embeddable":true,"href":"https:\/\/firaocupacio.icab.cat\/es\/wp-json\/wp\/v2\/users\/2"}],"replies":[{"embeddable":true,"href":"https:\/\/firaocupacio.icab.cat\/es\/wp-json\/wp\/v2\/comments?post=1603"}],"version-history":[{"count":16,"href":"https:\/\/firaocupacio.icab.cat\/es\/wp-json\/wp\/v2\/pages\/1603\/revisions"}],"predecessor-version":[{"id":1631,"href":"https:\/\/firaocupacio.icab.cat\/es\/wp-json\/wp\/v2\/pages\/1603\/revisions\/1631"}],"wp:attachment":[{"href":"https:\/\/firaocupacio.icab.cat\/es\/wp-json\/wp\/v2\/media?parent=1603"}],"curies":[{"name":"wp","href":"https:\/\/api.w.org\/{rel}","templated":true}]}}