{"id":2235,"date":"2023-02-21T16:38:10","date_gmt":"2023-02-21T15:38:10","guid":{"rendered":"https:\/\/firaocupacio.icab.cat\/edicio-2022\/"},"modified":"2023-02-22T16:34:10","modified_gmt":"2023-02-22T15:34:10","slug":"edicio-2022","status":"publish","type":"page","link":"https:\/\/firaocupacio.icab.cat\/es\/edicio-2022\/","title":{"rendered":"EDICI\u00d3N 2022"},"content":{"rendered":"\t\t<div data-elementor-type=\"wp-page\" data-elementor-id=\"2235\" class=\"elementor elementor-2235\">\n\t\t\t\t\t\t<div class=\"elementor-inner\">\n\t\t\t\t<div class=\"elementor-section-wrap\">\n\t\t\t\t\t\t\t\t\t<section class=\"elementor-section elementor-top-section elementor-element elementor-element-a5a13de elementor-section-boxed elementor-section-height-default elementor-section-height-default\" data-id=\"a5a13de\" data-element_type=\"section\">\n\t\t\t\t\t\t<div class=\"elementor-container elementor-column-gap-default\">\n\t\t\t\t\t\t\t<div class=\"elementor-row\">\n\t\t\t\t\t<div class=\"elementor-column elementor-col-100 elementor-top-column elementor-element elementor-element-072a60e\" data-id=\"072a60e\" data-element_type=\"column\">\n\t\t\t<div class=\"elementor-column-wrap elementor-element-populated\">\n\t\t\t\t\t\t\t<div class=\"elementor-widget-wrap\">\n\t\t\t\t\t\t<div class=\"elementor-element elementor-element-f848f0b elementor-widget-divider--view-line elementor-widget elementor-widget-divider\" data-id=\"f848f0b\" data-element_type=\"widget\" data-widget_type=\"divider.default\">\n\t\t\t\t<div class=\"elementor-widget-container\">\n\t\t\t\t\t<div class=\"elementor-divider\">\n\t\t\t<span class=\"elementor-divider-separator\">\n\t\t\t\t\t\t<\/span>\n\t\t<\/div>\n\t\t\t\t<\/div>\n\t\t\t\t<\/div>\n\t\t\t\t<div class=\"elementor-element elementor-element-bd987e8 elementor-widget elementor-widget-heading\" data-id=\"bd987e8\" data-element_type=\"widget\" data-widget_type=\"heading.default\">\n\t\t\t\t<div class=\"elementor-widget-container\">\n\t\t\t<h3 class=\"elementor-heading-title elementor-size-default\">RESUMEN 6\u00aa FERIA DEL EMPLEO ICAB (VIRTUAL)<\/h3>\t\t<\/div>\n\t\t\t\t<\/div>\n\t\t\t\t<div class=\"elementor-element elementor-element-ea8b335 elementor-widget-divider--view-line elementor-widget elementor-widget-divider\" data-id=\"ea8b335\" data-element_type=\"widget\" data-widget_type=\"divider.default\">\n\t\t\t\t<div class=\"elementor-widget-container\">\n\t\t\t\t\t<div class=\"elementor-divider\">\n\t\t\t<span class=\"elementor-divider-separator\">\n\t\t\t\t\t\t<\/span>\n\t\t<\/div>\n\t\t\t\t<\/div>\n\t\t\t\t<\/div>\n\t\t\t\t\t\t<\/div>\n\t\t\t\t\t<\/div>\n\t\t<\/div>\n\t\t\t\t\t\t\t\t<\/div>\n\t\t\t\t\t<\/div>\n\t\t<\/section>\n\t\t\t\t<section class=\"elementor-section elementor-top-section elementor-element elementor-element-311a9ef elementor-section-boxed elementor-section-height-default elementor-section-height-default\" data-id=\"311a9ef\" data-element_type=\"section\">\n\t\t\t\t\t\t<div class=\"elementor-container elementor-column-gap-default\">\n\t\t\t\t\t\t\t<div class=\"elementor-row\">\n\t\t\t\t\t<div class=\"elementor-column elementor-col-100 elementor-top-column elementor-element elementor-element-2fcc859\" data-id=\"2fcc859\" data-element_type=\"column\">\n\t\t\t<div class=\"elementor-column-wrap elementor-element-populated\">\n\t\t\t\t\t\t\t<div class=\"elementor-widget-wrap\">\n\t\t\t\t\t\t<section class=\"elementor-section elementor-inner-section elementor-element elementor-element-c25a97e elementor-section-boxed elementor-section-height-default elementor-section-height-default\" data-id=\"c25a97e\" data-element_type=\"section\">\n\t\t\t\t\t\t<div class=\"elementor-container elementor-column-gap-default\">\n\t\t\t\t\t\t\t<div class=\"elementor-row\">\n\t\t\t\t\t<div class=\"elementor-column elementor-col-100 elementor-inner-column elementor-element elementor-element-1198b39\" data-id=\"1198b39\" data-element_type=\"column\">\n\t\t\t<div class=\"elementor-column-wrap elementor-element-populated\">\n\t\t\t\t\t\t\t<div class=\"elementor-widget-wrap\">\n\t\t\t\t\t\t<div class=\"elementor-element elementor-element-660c7d6 elementor-widget elementor-widget-text-editor\" data-id=\"660c7d6\" data-element_type=\"widget\" data-widget_type=\"text-editor.default\">\n\t\t\t\t<div class=\"elementor-widget-container\">\n\t\t\t\t\t\t\t\t<div class=\"elementor-text-editor elementor-clearfix\">\n\t\t\t\t<p>El Colegio de la Abogac\u00eda de Barcelona (ICAB) <strong>celebr\u00f3 la 6\u00aa edici\u00f3n de la Feria del Empleo, el 5 de mayo de 2022<\/strong>.<\/p><p>La principal novedad respecto a ediciones anteriores es que durante los d\u00edas 2, 3 y 4 de mayo hicimos talleres innovadores en formato presencial, as\u00ed como que los propios expositores y despachos que participaron en la Fira pudieron dar conferencias dirigidas a los y las participantes , lo que ayud\u00f3 a la interactuaci\u00f3n entre participantes y despachos\/entidades.<\/p><p>La iniciativa, que se basa en un intercambio de talento y\u00a0networking, dio la oportunidad a los y las estudiantes de Derecho, colegiados y colegiadas y asociados y asociadas del ICAB de darse a conocer entre los profesionales del mundo de la abogac\u00eda y del Derecho. Estos contaban con la posibilidad de poder entrevistar a los candidatos y candidatas que se ofrec\u00edan en las respectivas ofertas de trabajo.<\/p><p>Tanto las empresas, despachos y entidad como las personas usuarias interesadas en participar en el evento pudieron disfrutar de todas las ventajas que les ofrec\u00eda participar en una Fira pero sin la necesidad de desplazarse.<\/p><p>La Fira ofreci\u00f3 entrevistas con despachos y otras entidades, una bolsa de trabajo, asesoramiento personal en la creaci\u00f3n o consolidaci\u00f3n de un despacho propio y talleres innovadores.<\/p><p>Durante la celebraci\u00f3n de la Feria de Empleo del ICAB se llevaron a cabo una serie de talleres con el objetivo de actualizar las competencias, novedades, conocimientos y herramientas pr\u00e1cticas sobre las tendencias en el sector jur\u00eddico-legal.<\/p><p>Participaron los despachos: <strong>ARAG, S.A<\/strong><strong>, Arriaga Asociados, Arco Abogados y Asesores Tributarios, Augusta Abogados, Bov\u00e9 Montero y Asociados, Ceca Mag\u00e1n Abogados, Cuatrecasas, DAUSS, Deloitte Legal,\u00a0 P\u00e9rez-Llorca Abogados, Ur\u00eda Men\u00e9ndez, DAUSS, Garrigues, Deloitte Legal, Fielfisher Jausas, Garrigues, Grant Thornton, ISPROX, Lener,\u00a0 Abogados Men\u00e9ndez &amp; Asociados, Page Personnel, P\u00e9rez-Llorca, Ram\u00f3n y Cajal Abogados, Roca Junyent, TMF Group, Toda &amp; Nel\u00b7lo, Tornos Abogados, Ur\u00eda Men\u00e9ndez.<\/strong><\/p>\t\t\t\t\t<\/div>\n\t\t\t\t\t\t<\/div>\n\t\t\t\t<\/div>\n\t\t\t\t\t\t<\/div>\n\t\t\t\t\t<\/div>\n\t\t<\/div>\n\t\t\t\t\t\t\t\t<\/div>\n\t\t\t\t\t<\/div>\n\t\t<\/section>\n\t\t\t\t\t\t<\/div>\n\t\t\t\t\t<\/div>\n\t\t<\/div>\n\t\t\t\t\t\t\t\t<\/div>\n\t\t\t\t\t<\/div>\n\t\t<\/section>\n\t\t\t\t\t\t\t\t\t<\/div>\n\t\t\t<\/div>\n\t\t\t\t\t<\/div>\n\t\t","protected":false},"excerpt":{"rendered":"<p>RESUMEN 6\u00aa FERIA DEL EMPLEO ICAB (VIRTUAL) El Colegio de la Abogac\u00eda de Barcelona (ICAB) celebr\u00f3 la 6\u00aa edici\u00f3n de la Feria del Empleo, el 5 de mayo de 2022. La principal novedad respecto a ediciones anteriores es que durante los d\u00edas 2, 3 y 4 de mayo hicimos talleres innovadores en formato presencial, as\u00ed &#8230; <a title=\"EDICI\u00d3N 2022\" class=\"read-more\" href=\"https:\/\/firaocupacio.icab.cat\/es\/edicio-2022\/\" aria-label=\"Leer m\u00e1s sobre EDICI\u00d3N 2022\">Read more<\/a><\/p>\n","protected":false},"author":2,"featured_media":0,"parent":0,"menu_order":0,"comment_status":"closed","ping_status":"closed","template":"","meta":[],"_links":{"self":[{"href":"https:\/\/firaocupacio.icab.cat\/es\/wp-json\/wp\/v2\/pages\/2235"}],"collection":[{"href":"https:\/\/firaocupacio.icab.cat\/es\/wp-json\/wp\/v2\/pages"}],"about":[{"href":"https:\/\/firaocupacio.icab.cat\/es\/wp-json\/wp\/v2\/types\/page"}],"author":[{"embeddable":true,"href":"https:\/\/firaocupacio.icab.cat\/es\/wp-json\/wp\/v2\/users\/2"}],"replies":[{"embeddable":true,"href":"https:\/\/firaocupacio.icab.cat\/es\/wp-json\/wp\/v2\/comments?post=2235"}],"version-history":[{"count":10,"href":"https:\/\/firaocupacio.icab.cat\/es\/wp-json\/wp\/v2\/pages\/2235\/revisions"}],"predecessor-version":[{"id":2306,"href":"https:\/\/firaocupacio.icab.cat\/es\/wp-json\/wp\/v2\/pages\/2235\/revisions\/2306"}],"wp:attachment":[{"href":"https:\/\/firaocupacio.icab.cat\/es\/wp-json\/wp\/v2\/media?parent=2235"}],"curies":[{"name":"wp","href":"https:\/\/api.w.org\/{rel}","templated":true}]}}