{"id":265,"date":"2019-01-15T16:41:15","date_gmt":"2019-01-15T14:41:15","guid":{"rendered":"http:\/\/firaocupacio.icab.cat\/edicio-2017\/"},"modified":"2019-02-22T15:18:05","modified_gmt":"2019-02-22T13:18:05","slug":"edicio-2017","status":"publish","type":"page","link":"https:\/\/firaocupacio.icab.cat\/es\/edicio-2017\/","title":{"rendered":"EDICI\u00d3N 2017"},"content":{"rendered":"<p><strong><img loading=\"lazy\" class=\"alignleft wp-image-254 size-medium\" src=\"http:\/\/firaocupacio.icab.cat\/wp-content\/uploads\/2019\/01\/CollageFiraOcupacio2017-300x222.jpg\" alt=\"\" width=\"300\" height=\"222\" srcset=\"https:\/\/firaocupacio.icab.cat\/wp-content\/uploads\/2019\/01\/CollageFiraOcupacio2017-300x222.jpg 300w, https:\/\/firaocupacio.icab.cat\/wp-content\/uploads\/2019\/01\/CollageFiraOcupacio2017-768x568.jpg 768w, https:\/\/firaocupacio.icab.cat\/wp-content\/uploads\/2019\/01\/CollageFiraOcupacio2017-1024x758.jpg 1024w, https:\/\/firaocupacio.icab.cat\/wp-content\/uploads\/2019\/01\/CollageFiraOcupacio2017.jpg 1200w\" sizes=\"(max-width: 300px) 100vw, 300px\" \/><\/strong><\/p>\n<p><strong><a href=\"https:\/\/vimeo.com\/215151071\" target=\"_blank\" rel=\"noopener\">[V\u00cdDEO EDICI\u00d3N 2017]<\/a><\/strong><\/p>\n<p>La segunda Feria de la Ocupaci\u00f3n se organiz\u00f3 el 27 de abril, con el objetivo de erigirse como un punto de referencia y encuentro de los estudiantes y las personas profesionales del Derecho que buscan el primer trabajo o un cambio profesional, as\u00ed como despachos y otras entidades que buscan candidatos\/as para las vacantes en el \u00e1mbito jur\u00eddico.<\/p>\n<p>El Centro de Formaci\u00f3n y el Patio de Columnas fueron el escenario donde se reunieron estudiantes y profesionales de la abogac\u00eda con los despachos de abogados\/as y entidades con el objetivo de ayudar a la incorporaci\u00f3n al mundo laboral de los j\u00f3venes graduados y graduadas. Tambi\u00e9n sirvi\u00f3 para ense\u00f1ar habilidades con el objetivo de ayudar a los profesionales a poner en marcha su negocio y\/o consolidarlo o bien promocionarse profesionalmente. En este sentido, se realizaron talleres sobre:<br \/>\n(Quiz\u00e1s aqu\u00ed ser\u00eda mejor poner el cuadro de los talleres que sal\u00eda en el programa en lugar de este mega texto):<br \/>\n\u201cEl ejercicio de la abogac\u00eda mediante una sociedad profesional\u201d y dos talleres de LinkedIn: \u201cOptimiza tu perfil a LinkedIn para potenciar tu marca personal\u201d y \u201cDescubre las p\u00e1ginas de empresa de LinkedIn para dar a conocer tu negocio, tu marca y tus productos\u201d. Se realiz\u00f3 una presentaci\u00f3n del funcionamiento del Servicio de Ocupaci\u00f3n y Orientaci\u00f3n Profesional (SOOP) y, por la tarde, talleres sobre tendencias innovadoras en el sector jur\u00eddico con el objetivo de dar a conocer algunas experiencias. Estos talleres versaron sobre: \u201cC\u00f3mo relacionarse con los clientes a trav\u00e9s de las apps y plataformas digitales\u201d, \u201cCooperando para transformar el derecho y la profesi\u00f3n\u201d y \u201cEstrategias innovadoras en servicios jur\u00eddicos preventivos y nuevas formas de pago de los clientes\u201d.<\/p>\n<p>En esta Feria participaron:<\/p>\n<ul>\n<li><strong>Baker &amp; Mckenzie Barcelona<\/strong><\/li>\n<li><strong>Bufete Llin\u00e0s<\/strong><\/li>\n<li><strong>CaixaBank<\/strong><\/li>\n<li><strong>Cuatrecasas, Gon\u00e7alves Pereira<\/strong><\/li>\n<li><strong>DASS Abogados &amp; Rechtsanw\u00e4lte<\/strong><\/li>\n<li><strong>Deloitte<\/strong><\/li>\n<li><strong>Garrigues<\/strong><\/li>\n<li><strong>Grande Thornton Asesores<\/strong><\/li>\n<li><strong>Hays Recruiting Expertos Worldwide<\/strong><\/li>\n<li><strong>Iterlegis<\/strong><\/li>\n<li><strong>Manubens Abogados<\/strong><\/li>\n<li><strong>Match headhunting<\/strong><\/li>\n<li><strong>Monereo Meyer Marinel\u00b7lo<\/strong><\/li>\n<li><strong>Nationale-*Nederlanden<\/strong><\/li>\n<li><strong>Net Craman Abogados<\/strong><\/li>\n<li><strong>P\u00e9rez-Llorca<\/strong><\/li>\n<li><strong>Peritos Judiciales<\/strong><\/li>\n<li><strong>Ramon y Cajal Abogados<\/strong><\/li>\n<li><strong>Randstad<\/strong><\/li>\n<li><strong>Roca Junyent<\/strong><\/li>\n<li><strong>Rousaud Costas Duran, SLP<\/strong><\/li>\n<li><strong>Ur\u00eda Men\u00e9ndez<\/strong><\/li>\n<\/ul>\n<p>Los estudiantes de los \u00faltimos cursos del grado de derecho tambi\u00e9n pudieron conocer las ventajas de ser \u201cAsociados\u201d del ICAB y hacerse el carnet, de manera gratuita durante un a\u00f1o, formalizando la inscripci\u00f3n durante la Feria.<\/p>\n","protected":false},"excerpt":{"rendered":"<p>[V\u00cdDEO EDICI\u00d3N 2017] La segunda Feria de la Ocupaci\u00f3n se organiz\u00f3 el 27 de abril, con el objetivo de erigirse como un punto de referencia y encuentro de los estudiantes y las personas profesionales del Derecho que buscan el primer trabajo o un cambio profesional, as\u00ed como despachos y otras entidades que buscan candidatos\/as para &#8230; <a title=\"EDICI\u00d3N 2017\" class=\"read-more\" href=\"https:\/\/firaocupacio.icab.cat\/es\/edicio-2017\/\" aria-label=\"Leer m\u00e1s sobre EDICI\u00d3N 2017\">Read more<\/a><\/p>\n","protected":false},"author":2,"featured_media":0,"parent":0,"menu_order":0,"comment_status":"closed","ping_status":"closed","template":"","meta":[],"_links":{"self":[{"href":"https:\/\/firaocupacio.icab.cat\/es\/wp-json\/wp\/v2\/pages\/265"}],"collection":[{"href":"https:\/\/firaocupacio.icab.cat\/es\/wp-json\/wp\/v2\/pages"}],"about":[{"href":"https:\/\/firaocupacio.icab.cat\/es\/wp-json\/wp\/v2\/types\/page"}],"author":[{"embeddable":true,"href":"https:\/\/firaocupacio.icab.cat\/es\/wp-json\/wp\/v2\/users\/2"}],"replies":[{"embeddable":true,"href":"https:\/\/firaocupacio.icab.cat\/es\/wp-json\/wp\/v2\/comments?post=265"}],"version-history":[{"count":5,"href":"https:\/\/firaocupacio.icab.cat\/es\/wp-json\/wp\/v2\/pages\/265\/revisions"}],"predecessor-version":[{"id":550,"href":"https:\/\/firaocupacio.icab.cat\/es\/wp-json\/wp\/v2\/pages\/265\/revisions\/550"}],"wp:attachment":[{"href":"https:\/\/firaocupacio.icab.cat\/es\/wp-json\/wp\/v2\/media?parent=265"}],"curies":[{"name":"wp","href":"https:\/\/api.w.org\/{rel}","templated":true}]}}