{"id":2864,"date":"2024-05-22T12:26:48","date_gmt":"2024-05-22T11:26:48","guid":{"rendered":"https:\/\/firaocupacio.icab.cat\/?page_id=2864"},"modified":"2024-05-23T11:17:53","modified_gmt":"2024-05-23T10:17:53","slug":"edicion-anterior-2023","status":"publish","type":"page","link":"https:\/\/firaocupacio.icab.cat\/es\/edicion-anterior-2023\/","title":{"rendered":"EDICI\u00d3N 2023"},"content":{"rendered":"\t\t<div data-elementor-type=\"wp-page\" data-elementor-id=\"2864\" class=\"elementor elementor-2864\">\n\t\t\t\t\t\t<div class=\"elementor-inner\">\n\t\t\t\t<div class=\"elementor-section-wrap\">\n\t\t\t\t\t\t\t\t\t<section class=\"elementor-section elementor-top-section elementor-element elementor-element-8d47a0a elementor-section-boxed elementor-section-height-default elementor-section-height-default\" data-id=\"8d47a0a\" data-element_type=\"section\">\n\t\t\t\t\t\t<div class=\"elementor-container elementor-column-gap-default\">\n\t\t\t\t\t\t\t<div class=\"elementor-row\">\n\t\t\t\t\t<div class=\"elementor-column elementor-col-100 elementor-top-column elementor-element elementor-element-3c1ad35\" data-id=\"3c1ad35\" data-element_type=\"column\">\n\t\t\t<div class=\"elementor-column-wrap elementor-element-populated\">\n\t\t\t\t\t\t\t<div class=\"elementor-widget-wrap\">\n\t\t\t\t\t\t<div class=\"elementor-element elementor-element-910c659 elementor-widget-divider--view-line elementor-widget elementor-widget-divider\" data-id=\"910c659\" data-element_type=\"widget\" data-widget_type=\"divider.default\">\n\t\t\t\t<div class=\"elementor-widget-container\">\n\t\t\t\t\t<div class=\"elementor-divider\">\n\t\t\t<span class=\"elementor-divider-separator\">\n\t\t\t\t\t\t<\/span>\n\t\t<\/div>\n\t\t\t\t<\/div>\n\t\t\t\t<\/div>\n\t\t\t\t<div class=\"elementor-element elementor-element-df45699 elementor-widget elementor-widget-heading\" data-id=\"df45699\" data-element_type=\"widget\" data-widget_type=\"heading.default\">\n\t\t\t\t<div class=\"elementor-widget-container\">\n\t\t\t<h2 class=\"elementor-heading-title elementor-size-default\"><span style=\"color: var( --e-global-color-text ); font-family: var( --e-global-typography-text-font-family ), Sans-serif; font-size: 17px; text-align: justify; white-space-collapse: collapse;\"><span lang=\"ES\" style=\"font-size: 14pt; font-family: Arial, sans-serif; color: black;\">RESUMEN 7\u00aa FERIA DEL EMPLEO ICAB<\/span><\/span><\/h2>\t\t<\/div>\n\t\t\t\t<\/div>\n\t\t\t\t<div class=\"elementor-element elementor-element-f066377 elementor-widget-divider--view-line elementor-widget elementor-widget-divider\" data-id=\"f066377\" data-element_type=\"widget\" data-widget_type=\"divider.default\">\n\t\t\t\t<div class=\"elementor-widget-container\">\n\t\t\t\t\t<div class=\"elementor-divider\">\n\t\t\t<span class=\"elementor-divider-separator\">\n\t\t\t\t\t\t<\/span>\n\t\t<\/div>\n\t\t\t\t<\/div>\n\t\t\t\t<\/div>\n\t\t\t\t<div class=\"elementor-element elementor-element-64e157a elementor-widget elementor-widget-text-editor\" data-id=\"64e157a\" data-element_type=\"widget\" data-widget_type=\"text-editor.default\">\n\t\t\t\t<div class=\"elementor-widget-container\">\n\t\t\t\t\t\t\t\t<div class=\"elementor-text-editor elementor-clearfix\">\n\t\t\t\t<p class=\"MsoNormal\" style=\"margin-bottom: 0.0001pt; text-align: justify; line-height: normal; background-image: initial; background-position: initial; background-size: initial; background-repeat: initial; background-attachment: initial; background-origin: initial; background-clip: initial;\"><b style=\"color: var( --e-global-color-text ); font-family: var( --e-global-typography-text-font-family ), Sans-serif;\"><span lang=\"ES\" style=\"font-size: 13.0pt; font-family: 'Arial',sans-serif; mso-fareast-font-family: 'Times New Roman'; color: black; mso-ansi-language: ES; mso-fareast-language: CA;\">El 27 de abril de 2023<\/span><\/b><span lang=\"ES\" style=\"font-weight: var( --e-global-typography-text-font-weight ); font-size: 13pt; font-family: Arial, sans-serif; color: black;\">, el&nbsp;ICAB celebr\u00f3 la&nbsp;<b><span style=\"padding: 0cm; border: 1pt none windowtext;\">7\u00aa edici\u00f3n de la Feria del Empleo<\/span><\/b><span style=\"padding: 0cm; border: 1pt none windowtext;\">, que tuvo lugar de 10 a 17 horas en el&nbsp;Centro de Formaci\u00f3n del ICAB (Mallorca, 281).<\/span><\/span><\/p>\n<p class=\"MsoNormal\" style=\"margin-bottom: 0.0001pt; text-align: justify; line-height: normal; background-image: initial; background-position: initial; background-size: initial; background-repeat: initial; background-attachment: initial; background-origin: initial; background-clip: initial;\"><span lang=\"ES\" style=\"font-size: 13.0pt; font-family: 'Arial',sans-serif; mso-fareast-font-family: 'Times New Roman'; color: black; mso-ansi-language: ES; mso-fareast-language: CA;\">&nbsp;<\/span><\/p>\n<p class=\"MsoNormal\" style=\"margin-bottom: 18pt; text-align: justify; line-height: normal; background-image: initial; background-position: initial; background-size: initial; background-repeat: initial; background-attachment: initial; background-origin: initial; background-clip: initial;\"><span lang=\"ES\" style=\"font-size: 13.0pt; font-family: 'Segoe UI Symbol',sans-serif; mso-fareast-font-family: 'Times New Roman'; mso-bidi-font-family: 'Segoe UI Symbol'; color: black; mso-ansi-language: ES; mso-fareast-language: CA;\"><img class=\"emoji\" role=\"img\" draggable=\"false\" src=\"https:\/\/s.w.org\/images\/core\/emoji\/13.1.0\/svg\/1f4bc.svg\" alt=\"\ud83d\udcbc\"><\/span><span lang=\"ES\" style=\"font-size: 13.0pt; font-family: 'Arial',sans-serif; mso-fareast-font-family: 'Times New Roman'; color: black; mso-ansi-language: ES; mso-fareast-language: CA;\"> Un evento que reuni\u00f3 a todos los actores claves: desde profesionales del Derecho buscando su primera<br>oportunidad o un cambio en su carrera, hasta despachos y empresas en busca de los mejores talentos para cubrir sus vacantes. <\/span><\/p>\n<p class=\"MsoNormal\" style=\"margin-bottom: 18pt; text-align: justify; line-height: normal; background-image: initial; background-position: initial; background-size: initial; background-repeat: initial; background-attachment: initial; background-origin: initial; background-clip: initial;\"><span lang=\"ES\" style=\"font-size: 13.0pt; font-family: 'Arial',sans-serif; mso-fareast-font-family: 'Times New Roman'; color: black; mso-ansi-language: ES; mso-fareast-language: CA;\"><img class=\"emoji\" role=\"img\" draggable=\"false\" src=\"https:\/\/s.w.org\/images\/core\/emoji\/13.1.0\/svg\/1f91d.svg\" alt=\"\ud83e\udd1d\"> El enfoque fue la&nbsp;conexi\u00f3n y el networking profesional, con oportunidades \u00fanicas para entrevistas<br>con prestigiosos despachos y otras entidades. Adem\u00e1s, se ofreci\u00f3 una bolsa de&nbsp;trabajo din\u00e1mica y asesoramiento personalizado para aquellas personas que&nbsp;aspiraban a crear o consolidar su propio despacho. <\/span><\/p>\n<p class=\"MsoNormal\" style=\"margin-bottom: 18pt; text-align: justify; line-height: normal; background-image: initial; background-position: initial; background-size: initial; background-repeat: initial; background-attachment: initial; background-origin: initial; background-clip: initial;\"><span lang=\"ES\" style=\"font-size: 13.0pt; font-family: 'Segoe UI Symbol',sans-serif; mso-fareast-font-family: 'Times New Roman'; mso-bidi-font-family: 'Segoe UI Symbol'; color: black; mso-ansi-language: ES; mso-fareast-language: CA;\"><img class=\"emoji\" role=\"img\" draggable=\"false\" src=\"https:\/\/s.w.org\/images\/core\/emoji\/13.1.0\/svg\/1f31f.svg\" alt=\"\ud83c\udf1f\"><\/span><span lang=\"ES\" style=\"font-size: 13.0pt; font-family: 'Arial',sans-serif; mso-fareast-font-family: 'Times New Roman'; color: black; mso-ansi-language: ES; mso-fareast-language: CA;\"> Adem\u00e1s de los&nbsp;talleres innovadores, la semana estuvo llena de conferencias presenciales que&nbsp;dieron a las personas participantes la posibilidad de actualizar sus&nbsp;competencias, conocimientos y herramientas pr\u00e1cticas para estar al d\u00eda con las \u00faltimas tendencias del sector jur\u00eddico-legal.<\/span><\/p>\n<p style=\"margin-bottom: 0.0001pt; text-align: justify; line-height: normal; background-image: initial; background-position: initial; background-size: initial; background-repeat: initial; background-attachment: initial; background-origin: initial; background-clip: initial;\">\n<\/p><p class=\"MsoNormal\" style=\"margin-bottom: 18pt; text-align: justify; line-height: normal; background-image: initial; background-position: initial; background-size: initial; background-repeat: initial; background-attachment: initial; background-origin: initial; background-clip: initial;\"><span lang=\"ES\" style=\"font-size: 13.0pt; font-family: 'Segoe UI Symbol',sans-serif; mso-fareast-font-family: 'Times New Roman'; mso-bidi-font-family: 'Segoe UI Symbol'; color: black; mso-ansi-language: ES; mso-fareast-language: CA;\"><img class=\"emoji\" role=\"img\" draggable=\"false\" src=\"https:\/\/s.w.org\/images\/core\/emoji\/13.1.0\/svg\/2728.svg\" alt=\"\u2728\"><\/span><span lang=\"ES\" style=\"font-size: 13.0pt; font-family: 'Arial',sans-serif; mso-fareast-font-family: 'Times New Roman'; color: black; mso-ansi-language: ES; mso-fareast-language: CA;\"> Una experiencia&nbsp;inmersiva que enriqueci\u00f3 a todos los participantes y potenci\u00f3 el futuro&nbsp;profesional de muchos en el campo del Derecho.<\/span><\/p>\t\t\t\t\t<\/div>\n\t\t\t\t\t\t<\/div>\n\t\t\t\t<\/div>\n\t\t\t\t\t\t<\/div>\n\t\t\t\t\t<\/div>\n\t\t<\/div>\n\t\t\t\t\t\t\t\t<\/div>\n\t\t\t\t\t<\/div>\n\t\t<\/section>\n\t\t\t\t<section class=\"elementor-section elementor-top-section elementor-element elementor-element-666e6e7 elementor-section-boxed elementor-section-height-default elementor-section-height-default\" data-id=\"666e6e7\" data-element_type=\"section\">\n\t\t\t\t\t\t<div class=\"elementor-container elementor-column-gap-default\">\n\t\t\t\t\t\t\t<div class=\"elementor-row\">\n\t\t\t\t\t<div class=\"elementor-column elementor-col-100 elementor-top-column elementor-element elementor-element-a0312d4\" data-id=\"a0312d4\" data-element_type=\"column\">\n\t\t\t<div class=\"elementor-column-wrap elementor-element-populated\">\n\t\t\t\t\t\t\t<div class=\"elementor-widget-wrap\">\n\t\t\t\t\t\t<div class=\"elementor-element elementor-element-6147594 elementor-widget elementor-widget-image\" data-id=\"6147594\" data-element_type=\"widget\" data-widget_type=\"image.default\">\n\t\t\t\t<div class=\"elementor-widget-container\">\n\t\t\t\t\t\t\t\t<div class=\"elementor-image\">\n\t\t\t\t\t\t\t\t\t\t\t\t<img width=\"300\" height=\"300\" src=\"https:\/\/firaocupacio.icab.cat\/wp-content\/uploads\/2024\/05\/EDICIO-2023-300x300.jpg\" class=\"attachment-medium size-medium\" alt=\"\" loading=\"lazy\" srcset=\"https:\/\/firaocupacio.icab.cat\/wp-content\/uploads\/2024\/05\/EDICIO-2023-300x300.jpg 300w, https:\/\/firaocupacio.icab.cat\/wp-content\/uploads\/2024\/05\/EDICIO-2023-1024x1024.jpg 1024w, https:\/\/firaocupacio.icab.cat\/wp-content\/uploads\/2024\/05\/EDICIO-2023-150x150.jpg 150w, https:\/\/firaocupacio.icab.cat\/wp-content\/uploads\/2024\/05\/EDICIO-2023-768x768.jpg 768w, https:\/\/firaocupacio.icab.cat\/wp-content\/uploads\/2024\/05\/EDICIO-2023.jpg 1309w\" sizes=\"(max-width: 300px) 100vw, 300px\" \/>\t\t\t\t\t\t\t\t\t\t\t\t\t\t<\/div>\n\t\t\t\t\t\t<\/div>\n\t\t\t\t<\/div>\n\t\t\t\t\t\t<\/div>\n\t\t\t\t\t<\/div>\n\t\t<\/div>\n\t\t\t\t\t\t\t\t<\/div>\n\t\t\t\t\t<\/div>\n\t\t<\/section>\n\t\t\t\t<section class=\"elementor-section elementor-top-section elementor-element elementor-element-ef66ac4 elementor-section-boxed elementor-section-height-default elementor-section-height-default\" data-id=\"ef66ac4\" data-element_type=\"section\">\n\t\t\t\t\t\t<div class=\"elementor-container elementor-column-gap-default\">\n\t\t\t\t\t\t\t<div class=\"elementor-row\">\n\t\t\t\t\t<div class=\"elementor-column elementor-col-100 elementor-top-column elementor-element elementor-element-4b32ee0\" data-id=\"4b32ee0\" data-element_type=\"column\">\n\t\t\t<div class=\"elementor-column-wrap elementor-element-populated\">\n\t\t\t\t\t\t\t<div class=\"elementor-widget-wrap\">\n\t\t\t\t\t\t<div class=\"elementor-element elementor-element-522519e elementor-widget elementor-widget-text-editor\" data-id=\"522519e\" data-element_type=\"widget\" data-widget_type=\"text-editor.default\">\n\t\t\t\t<div class=\"elementor-widget-container\">\n\t\t\t\t\t\t\t\t<div class=\"elementor-text-editor elementor-clearfix\">\n\t\t\t\t\t\t\t\t\t<\/div>\n\t\t\t\t\t\t<\/div>\n\t\t\t\t<\/div>\n\t\t\t\t<div class=\"elementor-element elementor-element-1e2094e elementor-widget elementor-widget-text-editor\" data-id=\"1e2094e\" data-element_type=\"widget\" data-widget_type=\"text-editor.default\">\n\t\t\t\t<div class=\"elementor-widget-container\">\n\t\t\t\t\t\t\t\t<div class=\"elementor-text-editor elementor-clearfix\">\n\t\t\t\t<p style=\"margin-bottom: 0.0001pt; text-align: justify; line-height: normal; background-image: initial; background-position: initial; background-size: initial; background-repeat: initial; background-attachment: initial; background-origin: initial; background-clip: initial;\"><span lang=\"ES\" style=\"font-size: 13.0pt; font-family: 'Arial',sans-serif; mso-fareast-font-family: 'Times New Roman'; color: black; mso-ansi-language: ES; mso-fareast-language: CA;\">Entidades que estuvieron presentes en la Feria con stand propio:<\/span><\/p>\n<p style=\"margin-bottom: 0.0001pt; text-align: justify; line-height: normal; background-image: initial; background-position: initial; background-size: initial; background-repeat: initial; background-attachment: initial; background-origin: initial; background-clip: initial;\"><span lang=\"ES\" style=\"font-size: 13.0pt; font-family: 'Arial',sans-serif; mso-fareast-font-family: 'Times New Roman'; color: black; mso-ansi-language: ES; mso-fareast-language: CA;\">&nbsp;<\/span><\/p>\n<ul>\n<li><strong>A. Serras &amp; abogados<\/strong><\/li>\n<li><strong>Abogados para tus deudas<\/strong><\/li>\n<li><strong>Adeas hr<\/strong><\/li>\n<li><strong>Alter M\u00fatua d\u2019advocats i advocades<\/strong><\/li>\n<li><strong>Arco abogados y asesores tributarios<\/strong><\/li>\n<li><strong>Augusta abogados<\/strong><\/li>\n<li><strong>Banc Sabadell<\/strong><\/li>\n<li><strong>Banc Santander<\/strong><\/li>\n<li><strong>Caixa Bank<\/strong><\/li>\n<li><strong>Carmen Varela abogados de familia<\/strong><\/li>\n<li><strong>Cuatrecasas, Gon\u00e7alves Pereira<\/strong><\/li>\n<li><strong>Dauss abogados &amp; Rechtsanwaelte<\/strong><\/li>\n<li><strong>Deloitte legal<\/strong><\/li>\n<li><strong>DiG advocats<\/strong><\/li>\n<li><strong>DS Ovslaw<\/strong><\/li>\n<li><strong>Enley<\/strong><\/li>\n<li><strong>Fieldfisher Jausas<\/strong><\/li>\n<li><strong>Garrigues<\/strong><\/li>\n<li><strong>Grant Thornton<\/strong><\/li>\n<li><strong>Lener<\/strong><\/li>\n<li><strong>Michael Page &amp; Page Personnel<\/strong><\/li>\n<li><strong>Mutualidad abogacia<\/strong><\/li>\n<li><strong>P\u00e9rez-Llorca abogados<\/strong><\/li>\n<li><strong>PWC<\/strong><\/li>\n<li><strong>Rousaud Costas Duran<\/strong><\/li>\n<li><strong>TMF Group<\/strong><\/li>\n<li><strong>Ur\u00eda Men\u00e9ndez<\/strong><\/li>\n<\/ul>\t\t\t\t\t<\/div>\n\t\t\t\t\t\t<\/div>\n\t\t\t\t<\/div>\n\t\t\t\t\t\t<\/div>\n\t\t\t\t\t<\/div>\n\t\t<\/div>\n\t\t\t\t\t\t\t\t<\/div>\n\t\t\t\t\t<\/div>\n\t\t<\/section>\n\t\t\t\t\t\t\t\t\t<\/div>\n\t\t\t<\/div>\n\t\t\t\t\t<\/div>\n\t\t","protected":false},"excerpt":{"rendered":"<p>RESUMEN 7\u00aa FERIA DEL EMPLEO ICAB El 27 de abril de 2023, el&nbsp;ICAB celebr\u00f3 la&nbsp;7\u00aa edici\u00f3n de la Feria del Empleo, que tuvo lugar de 10 a 17 horas en el&nbsp;Centro de Formaci\u00f3n del ICAB (Mallorca, 281). &nbsp; Un evento que reuni\u00f3 a todos los actores claves: desde profesionales del Derecho buscando su primeraoportunidad o &#8230; <a title=\"EDICI\u00d3N 2023\" class=\"read-more\" href=\"https:\/\/firaocupacio.icab.cat\/es\/edicion-anterior-2023\/\" aria-label=\"Leer m\u00e1s sobre EDICI\u00d3N 2023\">Read more<\/a><\/p>\n","protected":false},"author":2,"featured_media":0,"parent":0,"menu_order":0,"comment_status":"closed","ping_status":"closed","template":"","meta":[],"_links":{"self":[{"href":"https:\/\/firaocupacio.icab.cat\/es\/wp-json\/wp\/v2\/pages\/2864"}],"collection":[{"href":"https:\/\/firaocupacio.icab.cat\/es\/wp-json\/wp\/v2\/pages"}],"about":[{"href":"https:\/\/firaocupacio.icab.cat\/es\/wp-json\/wp\/v2\/types\/page"}],"author":[{"embeddable":true,"href":"https:\/\/firaocupacio.icab.cat\/es\/wp-json\/wp\/v2\/users\/2"}],"replies":[{"embeddable":true,"href":"https:\/\/firaocupacio.icab.cat\/es\/wp-json\/wp\/v2\/comments?post=2864"}],"version-history":[{"count":13,"href":"https:\/\/firaocupacio.icab.cat\/es\/wp-json\/wp\/v2\/pages\/2864\/revisions"}],"predecessor-version":[{"id":3038,"href":"https:\/\/firaocupacio.icab.cat\/es\/wp-json\/wp\/v2\/pages\/2864\/revisions\/3038"}],"wp:attachment":[{"href":"https:\/\/firaocupacio.icab.cat\/es\/wp-json\/wp\/v2\/media?parent=2864"}],"curies":[{"name":"wp","href":"https:\/\/api.w.org\/{rel}","templated":true}]}}