{"id":3664,"date":"2025-05-21T10:16:53","date_gmt":"2025-05-21T09:16:53","guid":{"rendered":"https:\/\/firaocupacio.icab.cat\/edicio-2024\/"},"modified":"2025-05-21T12:48:49","modified_gmt":"2025-05-21T11:48:49","slug":"edicio-2024","status":"publish","type":"page","link":"https:\/\/firaocupacio.icab.cat\/es\/edicio-2024\/","title":{"rendered":"EDICI\u00d3N 2024"},"content":{"rendered":"\t\t<div data-elementor-type=\"wp-page\" data-elementor-id=\"3664\" class=\"elementor elementor-3664\">\n\t\t\t\t\t\t<div class=\"elementor-inner\">\n\t\t\t\t<div class=\"elementor-section-wrap\">\n\t\t\t\t\t\t\t\t\t<section class=\"elementor-section elementor-top-section elementor-element elementor-element-3817fe7c elementor-section-boxed elementor-section-height-default elementor-section-height-default\" data-id=\"3817fe7c\" data-element_type=\"section\">\n\t\t\t\t\t\t<div class=\"elementor-container elementor-column-gap-default\">\n\t\t\t\t\t\t\t<div class=\"elementor-row\">\n\t\t\t\t\t<div class=\"elementor-column elementor-col-100 elementor-top-column elementor-element elementor-element-37690caf\" data-id=\"37690caf\" data-element_type=\"column\">\n\t\t\t<div class=\"elementor-column-wrap elementor-element-populated\">\n\t\t\t\t\t\t\t<div class=\"elementor-widget-wrap\">\n\t\t\t\t\t\t<div class=\"elementor-element elementor-element-4706da12 elementor-widget elementor-widget-text-editor\" data-id=\"4706da12\" data-element_type=\"widget\" data-widget_type=\"text-editor.default\">\n\t\t\t\t<div class=\"elementor-widget-container\">\n\t\t\t\t\t\t\t\t<div class=\"elementor-text-editor elementor-clearfix\">\n\t\t\t\t<p class=\"\" data-start=\"107\" data-end=\"255\"><span style=\"color: #000000;\">El 10 de octubre de 2024, el ICAB celebr\u00f3 la\u00a0<span style=\"color: #7d0ff2;\"><strong data-start=\"152\" data-end=\"189\">8.\u00aa edici\u00f3n de la Feria de Empleo<\/strong><\/span>, una cita clave para el impulso del talento jur\u00eddico.\u00a0<\/span><\/p><p class=\"\" data-start=\"107\" data-end=\"255\"><span style=\"color: #000000;\">La jornada tuvo lugar de 10 a 17 h en el Centro de Formaci\u00f3n del ICAB (Mallorca, 281), convirti\u00e9ndose en un punto de encuentro entre la nueva generaci\u00f3n de profesionales del Derecho y los agentes del sector legal en fase de crecimiento.\u00a0<\/span><\/p><p class=\"\" data-start=\"257\" data-end=\"533\"><span style=\"color: #000000;\"><img class=\"emoji\" role=\"img\" draggable=\"false\" src=\"https:\/\/s.w.org\/images\/core\/emoji\/13.1.0\/svg\/1f4bc.svg\" alt=\"\ud83d\udcbc\" \/> Una jornada pensada para facilitar el encuentro entre el talento jur\u00eddico y las necesidades del sector, con la participaci\u00f3n de estudiantes y graduados\/as en Derecho y colegiados\/as que buscaban nuevas oportunidades profesionales, as\u00ed como\u00a0 despachos, empresas y entidades en fase de crecimiento y contrataci\u00f3n.<\/span><\/p><p class=\"\" data-start=\"535\" data-end=\"783\"><span style=\"color: #000000;\"><img class=\"emoji\" role=\"img\" draggable=\"false\" src=\"https:\/\/s.w.org\/images\/core\/emoji\/13.1.0\/svg\/1f91d.svg\" alt=\"\ud83e\udd1d\" \/>\u00a0La conexi\u00f3n entre candidatos\/as y organizaciones fue el eje central de una edici\u00f3n marcada por el dinamismo: entrevistas en directo, recepci\u00f3n de curr\u00edculums y espacios de networking dise\u00f1ados para generar contactos clave dentro del mundo legal.<\/span><\/p><p class=\"\" data-start=\"785\" data-end=\"983\"><span style=\"color: #000000;\"><img class=\"emoji\" role=\"img\" draggable=\"false\" src=\"https:\/\/s.w.org\/images\/core\/emoji\/13.1.0\/svg\/1f6e0.svg\" alt=\"\ud83d\udee0\ufe0f\" \/> A lo largo del d\u00eda, se ofrecieron servicios de <strong data-start=\"831\" data-end=\"864\">asesoramiento individualizado<\/strong>, tanto para mejorar el perfil profesional como para quienes deseaban iniciar su propio proyecto en el \u00e1mbito jur\u00eddico.<\/span><\/p><p class=\"\" data-start=\"985\" data-end=\"1188\"><span style=\"color: #000000;\"><img class=\"emoji\" role=\"img\" draggable=\"false\" src=\"https:\/\/s.w.org\/images\/core\/emoji\/13.1.0\/svg\/1f4da.svg\" alt=\"\ud83d\udcda\" \/> Talleres innovadores, conferencias inspiradoras y actividades centradas en la actualizaci\u00f3n de competencias completaron una semana dedicada al desarrollo profesional y a proyectar el futuro del Derecho.<\/span><\/p><p class=\"\" data-start=\"1190\" data-end=\"1310\"><span style=\"color: #000000;\"><img class=\"emoji\" role=\"img\" draggable=\"false\" src=\"https:\/\/s.w.org\/images\/core\/emoji\/13.1.0\/svg\/2728.svg\" alt=\"\u2728\" \/>\u00a0Una edici\u00f3n que consolid\u00f3 la\u00a0<span style=\"color: #7d0ff2;\"><strong>Feria de Empleo ICAB<\/strong><\/span> como un espacio de referencia para la carrera jur\u00eddica.<\/span><\/p><p data-start=\"1190\" data-end=\"1310\"><span style=\"color: #000000;\">Entidades participantes\u00a0<span style=\"color: #7d0ff2;\"><strong>Feria de Empleo 2024 ICAB<\/strong><\/span><\/span><\/p><ul><li><span style=\"color: #000000;\"><strong>Alter M\u00fatua d\u2019advocats i advocades<\/strong><\/span><\/li><li><span style=\"color: #000000;\"><strong>Arco abogados y asesores tributarios<\/strong><\/span><\/li><li><span style=\"color: #000000;\"><strong>Augusta abogados<\/strong><\/span><\/li><li><span style=\"color: #000000;\"><strong>Banc Sabadell<\/strong><\/span><\/li><li><span style=\"color: #000000;\"><strong>Banc Santander<\/strong><\/span><\/li><li><span style=\"color: #000000;\"><strong>Bov\u00e9 Montero y Asociados<\/strong><\/span><\/li><li><span style=\"color: #000000;\"><strong>Broseta Abogados<\/strong><\/span><\/li><li><span style=\"color: #000000;\"><strong>Bufet LLinas<\/strong><\/span><\/li><li><span style=\"color: #000000;\"><strong>Caixa Bank<\/strong><\/span><\/li><li><span style=\"color: #000000;\"><strong>Cuatrecasas, Gon\u00e7alves Pereira<\/strong><\/span><\/li><li><span style=\"color: #000000;\"><strong>Dauss abogados &amp; Rechtsanwaelte<\/strong><\/span><\/li><li><span style=\"color: #000000;\"><strong>DS Dur\u00e1n-Sindreu<\/strong><\/span><\/li><li><span style=\"color: #000000;\"><strong>Enley<\/strong><\/span><\/li><li><span style=\"color: #000000;\"><strong>Estabanell y Pahisa SA<\/strong><\/span><\/li><li><span style=\"color: #000000;\"><strong>ETL Global<\/strong><\/span><\/li><li><span style=\"color: #000000;\"><strong>Fieldfisher Jausas<\/strong><\/span><\/li><li><span style=\"color: #000000;\"><strong>Garrigues<\/strong><\/span><\/li><li><span style=\"color: #000000;\"><strong>Grant Thornton<\/strong><\/span><\/li><li><span style=\"color: #000000;\"><strong>Hays<\/strong><\/span><\/li><li><span style=\"color: #000000;\"><strong>Lawants<\/strong><\/span><\/li><li><span style=\"color: #000000;\"><strong>Lener<\/strong><\/span><\/li><li><span style=\"color: #000000;\"><strong>Mutualidad abogacia<\/strong><\/span><\/li><li><span style=\"color: #000000;\"><strong>P\u00e9rez-Llorca abogados<\/strong><\/span><\/li><li><span style=\"color: #000000;\"><strong>PWC<\/strong><\/span><\/li><li><span style=\"color: #000000;\"><strong>Repara tu Deuda<\/strong><\/span><\/li><li><span style=\"color: #000000;\"><strong>Ricard Simo Pascual<\/strong><\/span><\/li><li><span style=\"color: #000000;\"><strong>Roca Junyent<\/strong><\/span><\/li><li><span style=\"color: #000000;\"><strong>TMF Group<\/strong><\/span><\/li><li><span style=\"color: #000000;\"><strong>Ur\u00eda Men\u00e9ndez<\/strong><\/span><\/li><\/ul>\t\t\t\t\t<\/div>\n\t\t\t\t\t\t<\/div>\n\t\t\t\t<\/div>\n\t\t\t\t\t\t<\/div>\n\t\t\t\t\t<\/div>\n\t\t<\/div>\n\t\t\t\t\t\t\t\t<\/div>\n\t\t\t\t\t<\/div>\n\t\t<\/section>\n\t\t\t\t\t\t\t\t\t<\/div>\n\t\t\t<\/div>\n\t\t\t\t\t<\/div>\n\t\t","protected":false},"excerpt":{"rendered":"<p>El 10 de octubre de 2024, el ICAB celebr\u00f3 la\u00a08.\u00aa edici\u00f3n de la Feria de Empleo, una cita clave para el impulso del talento jur\u00eddico.\u00a0 La jornada tuvo lugar de 10 a 17 h en el Centro de Formaci\u00f3n del ICAB (Mallorca, 281), convirti\u00e9ndose en un punto de encuentro entre la nueva generaci\u00f3n de profesionales &#8230; <a title=\"EDICI\u00d3N 2024\" class=\"read-more\" href=\"https:\/\/firaocupacio.icab.cat\/es\/edicio-2024\/\" aria-label=\"Leer m\u00e1s sobre EDICI\u00d3N 2024\">Read more<\/a><\/p>\n","protected":false},"author":2,"featured_media":0,"parent":0,"menu_order":0,"comment_status":"closed","ping_status":"closed","template":"","meta":[],"_links":{"self":[{"href":"https:\/\/firaocupacio.icab.cat\/es\/wp-json\/wp\/v2\/pages\/3664"}],"collection":[{"href":"https:\/\/firaocupacio.icab.cat\/es\/wp-json\/wp\/v2\/pages"}],"about":[{"href":"https:\/\/firaocupacio.icab.cat\/es\/wp-json\/wp\/v2\/types\/page"}],"author":[{"embeddable":true,"href":"https:\/\/firaocupacio.icab.cat\/es\/wp-json\/wp\/v2\/users\/2"}],"replies":[{"embeddable":true,"href":"https:\/\/firaocupacio.icab.cat\/es\/wp-json\/wp\/v2\/comments?post=3664"}],"version-history":[{"count":16,"href":"https:\/\/firaocupacio.icab.cat\/es\/wp-json\/wp\/v2\/pages\/3664\/revisions"}],"predecessor-version":[{"id":3758,"href":"https:\/\/firaocupacio.icab.cat\/es\/wp-json\/wp\/v2\/pages\/3664\/revisions\/3758"}],"wp:attachment":[{"href":"https:\/\/firaocupacio.icab.cat\/es\/wp-json\/wp\/v2\/media?parent=3664"}],"curies":[{"name":"wp","href":"https:\/\/api.w.org\/{rel}","templated":true}]}}