{"id":530,"date":"2019-02-22T10:31:55","date_gmt":"2019-02-22T08:31:55","guid":{"rendered":"http:\/\/firaocupacio.icab.cat\/politica-de-cookies\/"},"modified":"2019-02-22T14:14:24","modified_gmt":"2019-02-22T12:14:24","slug":"politica-de-cookies","status":"publish","type":"page","link":"https:\/\/firaocupacio.icab.cat\/es\/politica-de-cookies\/","title":{"rendered":"POL\u00cdTICA DE COOKIES"},"content":{"rendered":"<p>Una galeta \u00e9s un fitxer que es descarrega al seu ordinador en accedir a determinades p\u00e0gines web. Les cookies permeten a una p\u00e0gina web, entre altres coses, emmagatzemar i recuperar informaci\u00f3 sobre els h\u00e0bits de navegaci\u00f3 d\u2019un usuari o del seu equip i, depenent de la informaci\u00f3 que continguin i de la forma en qu\u00e8 utilitzi el seu equip, es poden utilitzar per recon\u00e8ixer a l\u2019usuari.<\/p>\n<p>El navegador de l\u2019usuari memoritza cookies al disc dur nom\u00e9s durant la sessi\u00f3 actual ocupant un espai de mem\u00f2ria m\u00ednim i no perjudicant a l\u2019ordinador. Les galetes no contenen cap mena d\u2019informaci\u00f3 personal espec\u00edfica, i la majoria de les mateixes s\u2019esborren del disc dur en finalitzar la sessi\u00f3 de navegador (les anomenades galetes de sessi\u00f3).<\/p>\n<p>La majoria dels navegadors accepten com a est\u00e0ndard a les galetes i, amb independ\u00e8ncia de les mateixes, permeten o impedeixen en la configuraci\u00f3 de seguretat les galetes temporals o memoritzades.<\/p>\n<p>Sense el seu expr\u00e9s consentiment -mitjan\u00e7ant l\u2019activaci\u00f3 de les cookies-, ICAB, com titular del web, no enlla\u00e7ar\u00e0 a les galetes les dades memoritzades amb les seves dades personals proporcionades en el moment del registre o la compra.<\/p>\n<p><strong>Quins tipus de cookies utilitza aquesta p\u00e0gina web?<\/strong><\/p>\n<p>\u2013\u00a0<em>Galetes t\u00e8cniques<\/em>: S\u00f3n aquelles que permeten a l\u2019usuari la navegaci\u00f3 a trav\u00e9s d\u2019una p\u00e0gina web, plataforma o aplicaci\u00f3 i la utilitzaci\u00f3 de les diferents opcions o serveis que en ella hi hagi com, per exemple, controlar el tr\u00e0nsit i la comunicaci\u00f3 de dades, identificar la sessi\u00f3, accedir a parts d\u2019acc\u00e9s restringit, recordar els elements que integren una comanda, realitzar el proc\u00e9s de compra d\u2019una comanda, realitzar la sol\u00b7licitud d\u2019inscripci\u00f3 o participaci\u00f3 en un esdeveniment, utilitzar elements de seguretat durant la navegaci\u00f3, emmagatzemar continguts per a la difusi\u00f3 de v\u00eddeos o so o compartir continguts a trav\u00e9s de xarxes socials.<\/p>\n<p>\u2013\u00a0<em>Galetes de personalitzaci\u00f3<\/em>: S\u00f3n aquelles que permeten a l\u2019usuari accedir al servei amb algunes caracter\u00edstiques de car\u00e0cter general predefinides en funci\u00f3 d\u2019una s\u00e8rie de criteris en el terminal de l\u2019usuari com ara serien l\u2019idioma, el tipus de navegador mitjan\u00e7ant el qual accedeix al servei , la configuraci\u00f3 regional des d\u2019on s\u2019accedeix al servei, etc.<\/p>\n<p>\u2013\u00a0<em>Galetes d\u2019an\u00e0lisi<\/em>: S\u00f3n aquelles que ben tractades per nosaltres o per tercers, ens permeten quantificar el nombre d\u2019usuaris i aix\u00ed realitzar el mesurament i an\u00e0lisi estad\u00edstica de la utilitzaci\u00f3 que fan els usuaris del servei ofert. Per aix\u00f2 s\u2019analitza la seva navegaci\u00f3 a la nostra p\u00e0gina web per tal de millorar l\u2019oferta de productes o serveis que li oferim.<\/p>\n<p>\u2013\u00a0<em>Galetes de tercer<\/em>s: El Web del l\u2019ICAB pot utilitzar serveis de tercers que, per compte de ICAB, recopilaran informaci\u00f3 amb fins estad\u00edstics, d\u2019\u00fas del Site per part de l\u2019usuari i per a la prestacion d\u2019altres serveis relacionats amb l\u2019activitat del lloc web i altres serveis d\u2019Internet.<\/p>\n<p>En particular, aquest lloc web utilitza Google Analytics, un servei anal\u00edtic de web prestat per Google, Inc. amb domicili als Estats Units amb seu central a 1600 Amphitheatre Parkway, Mountain View, Calif\u00f2rnia 94043. Per a la prestaci\u00f3 d\u2019aquests serveis, aquests utilitzen galetes que recopilen la informaci\u00f3, inclosa l\u2019adre\u00e7a IP de l\u2019usuari, que ser\u00e0 transmesa, tractada i emmagatzemada per Google en els termes fixats en la web Google.com. Incloent la possible transmissi\u00f3 d\u2019aquesta informaci\u00f3 a tercers per raons d\u2019exig\u00e8ncia legal o quan aquests tercers processin la informaci\u00f3 per compte de Google.<\/p>\n<p><strong>L\u2019Usuari accepta expressament, per la utilitzaci\u00f3 d\u2019aquest Site, el tractament de la informaci\u00f3 recollida en la forma i amb les finalitats anteriorment esmentats.<\/strong>\u00a0I aix\u00ed mateix reconeix con\u00e8ixer la possibilitat de rebutjar el tractament d\u2019aquestes dades o informaci\u00f3 rebutjant l\u2019\u00fas de galetes mitjan\u00e7ant la selecci\u00f3 de la configuraci\u00f3 apropiada a tal fi al seu navegador. Si b\u00e9 aquesta opci\u00f3 de bloqueig de galetes en el vostre navegador pot no permetre-li l\u2019\u00fas ple de totes les funcionalitats de la p\u00e0gina web.<\/p>\n<p>L\u2019usuari pot desactivar les cookies, punxant en el bot\u00f3 \u201cRebutjar cookies\u201d que trobareu al final d\u2019aquestes condicions legals, utilitzant algun dels programaris gratu\u00efts que poden descarregar-se des d\u2019internet (com ara Ghostery (<a href=\"https:\/\/www.ghostery.com\/\">https:\/\/www.ghostery.com\/<\/a>\u00a0) o DoNotTrackMe (<a href=\"https:\/\/www.abine.com\/\">https:\/\/www.abine.com\/<\/a>), o modificant l\u2019efecte la configuraci\u00f3 del seu navegador. Per aquesta \u00faltima opci\u00f3 pot seguir les instruccions que especifica cada navegador:<\/p>\n<ul>\n<li>Chrome:\u00a0<a href=\"http:\/\/support.google.com\/chrome\/bin\/answer.py?hl=es&amp;answer=95647\">http:\/\/support.google.com\/chrome\/bin\/answer.py?hl=es&amp;answer=95647<\/a><\/li>\n<li>Firefox:\u00a0<a href=\"http:\/\/support.mozilla.org\/es\/kb\/habilitar-y-deshabilitar-cookies-que-los-sitios-we\">http:\/\/support.mozilla.org\/es\/kb\/habilitar-y-deshabilitar-cookies-que-los-sitios-we<\/a><\/li>\n<li>Explorer:\u00a0<a href=\"http:\/\/windows.microsoft.com\/es-es\/windows7\/how-to-manage-cookies-in-internet-explorer-9\">http:\/\/windows.microsoft.com\/es-es\/windows7\/how-to-manage-cookies-in-internet-explorer-9<\/a><\/li>\n<li>Safari:\u00a0<a href=\"http:\/\/support.apple.com\/kb\/ph5042\">http:\/\/support.apple.com\/kb\/ph5042<\/a><\/li>\n<li>Opera:\u00a0<a href=\"http:\/\/www.opera.com\/help\/tutorials\/security\/\">http:\/\/www.opera.com\/help\/tutorials\/security\/<\/a><\/li>\n<\/ul>\n","protected":false},"excerpt":{"rendered":"<p>Una galeta \u00e9s un fitxer que es descarrega al seu ordinador en accedir a determinades p\u00e0gines web. Les cookies permeten a una p\u00e0gina web, entre altres coses, emmagatzemar i recuperar informaci\u00f3 sobre els h\u00e0bits de navegaci\u00f3 d\u2019un usuari o del seu equip i, depenent de la informaci\u00f3 que continguin i de la forma en qu\u00e8 &#8230; <a title=\"POL\u00cdTICA DE COOKIES\" class=\"read-more\" href=\"https:\/\/firaocupacio.icab.cat\/es\/politica-de-cookies\/\" aria-label=\"Leer m\u00e1s sobre POL\u00cdTICA DE COOKIES\">Read more<\/a><\/p>\n","protected":false},"author":2,"featured_media":0,"parent":0,"menu_order":0,"comment_status":"closed","ping_status":"closed","template":"","meta":[],"_links":{"self":[{"href":"https:\/\/firaocupacio.icab.cat\/es\/wp-json\/wp\/v2\/pages\/530"}],"collection":[{"href":"https:\/\/firaocupacio.icab.cat\/es\/wp-json\/wp\/v2\/pages"}],"about":[{"href":"https:\/\/firaocupacio.icab.cat\/es\/wp-json\/wp\/v2\/types\/page"}],"author":[{"embeddable":true,"href":"https:\/\/firaocupacio.icab.cat\/es\/wp-json\/wp\/v2\/users\/2"}],"replies":[{"embeddable":true,"href":"https:\/\/firaocupacio.icab.cat\/es\/wp-json\/wp\/v2\/comments?post=530"}],"version-history":[{"count":2,"href":"https:\/\/firaocupacio.icab.cat\/es\/wp-json\/wp\/v2\/pages\/530\/revisions"}],"predecessor-version":[{"id":535,"href":"https:\/\/firaocupacio.icab.cat\/es\/wp-json\/wp\/v2\/pages\/530\/revisions\/535"}],"wp:attachment":[{"href":"https:\/\/firaocupacio.icab.cat\/es\/wp-json\/wp\/v2\/media?parent=530"}],"curies":[{"name":"wp","href":"https:\/\/api.w.org\/{rel}","templated":true}]}}