{"id":542,"date":"2019-02-22T14:19:18","date_gmt":"2019-02-22T12:19:18","guid":{"rendered":"http:\/\/firaocupacio.icab.cat\/avis-legal\/"},"modified":"2019-02-22T14:34:41","modified_gmt":"2019-02-22T12:34:41","slug":"avis-legal","status":"publish","type":"page","link":"https:\/\/firaocupacio.icab.cat\/es\/avis-legal\/","title":{"rendered":"AVISO LEGAL"},"content":{"rendered":"<p>La navegaci\u00f3 per aquest lloc web, i la seva utilitzaci\u00f3 sota qualsevol forma, es troba subjecta a les presents condicions que resultin aplicables en funci\u00f3 de l\u2019\u00fas que es faci del web.<\/p>\n<p>L\u2019usuari utilitzar\u00e0 el web de la Fira de l&#8217;Ocupaci\u00f3 conforme al present av\u00eds legal, la resta d\u2019avisos i cl\u00e0usules legals que es contenen en aquest web, la Llei, la moral, la bona fe i\/o els bons costums.<\/p>\n<p>Si el visitant o usuari no accepta les presents condicions haur\u00e0 d\u2019abstenir-se de continuar navegant per aquest web, la qual cosa, \u00f2bviament, implica no accedir als continguts ni utilitzar els serveis, qualssevol que aquests siguin, que s\u2019ofereixen a la mateixa.<\/p>\n<p><strong>1. IDENTIFICACI\u00d3<\/strong><\/p>\n<p>El titular d\u2019aquest lloc web \u00e9s l\u2019Il\u00b7lustre Col\u00b7legi de l\u2019Advocacia de Barcelona, amb domicili a carrer Mallorca 283, CP-08037- Barcelona i CIF: Q0863003J. Contacte: <a href=\"mailto:soop@icab.cat\">soop@icab.cat<\/a><\/p>\n<p><strong>2.- CONDICIONS GENERALS D\u2019\u00daS<\/strong><\/p>\n<p>L\u2019usuari es compromet a fer un \u00fas adequat de qualssevol serveis i continguts que l\u2019ICAB ofereix a trav\u00e9s d\u2019aquest lloc web i a no utilitzar-los per inc\u00f3rrer en activitats il\u00b7l\u00edcites, il\u00b7legals o contr\u00e0ries a la bona fe i a l\u2019ordre p\u00fablic.<\/p>\n<p>En garantia del bon \u00fas de la nostra p\u00e0gina web, tots els usuaris que accedeixin a la mateixa assumiran els seg\u00fcents compromisos:<\/p>\n<p>1. Queda prohibit de manera expressa l\u2019\u00fas indiscriminat del domini d\u2019aquesta p\u00e0gina web si pr\u00e8viament no ha estat autoritzat pel titular de la mateixa. Amb la finalitat d\u2019obtenir autoritzaci\u00f3, s\u2019ha de fer una sol\u00b7licitud i fer el seu enviament a l\u2019adre\u00e7a de correu electr\u00f2nic <a href=\"mailto:soop@icab.cat\">soop@icab.cat<\/a><\/p>\n<p>2. En cap cas s\u2019accedir\u00e0 a la p\u00e0gina web mitjan\u00e7ant harvesting bots, robots, aranyes o scapers sense el nostre perm\u00eds.<\/p>\n<p>3. Tampoc es podr\u00e0 efectuar captaci\u00f3 d\u2019informaci\u00f3 dels usuaris utilitzant els mitjans electr\u00f2nics denominats en el punt anterior. L\u2019usuari no far\u00e0 recopilaci\u00f3 d\u2019informaci\u00f3 personal d\u2019altres usuaris ni far\u00e0 elaboraci\u00f3 o crear\u00e0 perfils personalitzats o estudi de les persones participants al web amb finalitats comercials.<\/p>\n<p>4. L\u2019Usuari es compromet a utilitzar el portal i els serveis de conformitat amb la llei, amb les condicions generals, les condicions particulars de certs serveis i, a m\u00e9s dels avisos espec\u00edfics, reglaments d\u2019\u00fas i les instruccions posades en el seu coneixement, aix\u00ed com la moral i els bons costums generalment acceptats i per l\u2019ordre p\u00fablic.<\/p>\n<p>5. L\u2019Usuari s\u2019obliga a fer un \u00fas adequat dels serveis i els continguts del portal i a no utilitzar-lo per activitats il\u00b7l\u00edcites o constitutives de delicte, que atemptin contra els drets directament vinculats amb ICAB i\/o tercers i\/o que infringeixin la regulaci\u00f3 sobre propietat industrial i intel\u00b7lectual o qualsevol de les altres normes de l\u2019ordenament jur\u00eddic aplicable.<\/p>\n<p>6. L\u2019Usuari no exercir\u00e0 cap activitat dirigida a la desactivaci\u00f3, sobrec\u00e0rrega o deteriorament del bon estat del web.<\/p>\n<p>7. L\u2019Usuari es compromet a no carregar cap virus o altres tipus de malware o codi malici\u00f3s.<\/p>\n<p><strong>Usos prohibits:<\/strong><\/p>\n<p>La utilitzaci\u00f3 no autoritzada de la informaci\u00f3 continguda en aquest web, aix\u00ed com la lesi\u00f3 dels Drets de la Propietat Intel\u00b7lectual o Industrial de\u00a0<a href=\"http:\/\/firaocupacio.icab.cat\" target=\"_blank\" rel=\"noopener\">http:\/\/firaocupacio.icab.cat<\/a>, donar\u00e0 lloc a les responsabilitats legalment establertes.<\/p>\n<p>En aquest sentit, els usuaris s\u2019obliguen a no carregar, publicar, transmetre, compartir, emmagatzemar o facilitar al portal dades personals de qualsevol tercer, incloent adreces, n\u00fameros de tel\u00e8fon, adreces de correu electr\u00f2nic, n\u00fameros de la Seguretat Social o n\u00fameros de targetes de cr\u00e8dit sense la deguda autoritzaci\u00f3 d\u2019aquest \u00faltim.<\/p>\n<p>Els usuaris queden en coneixement que cada un dels productes i serveis que es puguin oferir o proporcionar en aquest web, es regiran per les seves pr\u00f2pies cl\u00e0usules de contractaci\u00f3.<\/p>\n<p>L\u2019Usuari no podr\u00e0 obstaculitzar volunt\u00e0riament l\u2019acc\u00e9s d\u2019altres usuaris a la p\u00e0gina web mitjan\u00e7ant el consum massiu dels recursos telem\u00e0tics del portal, aix\u00ed com realitzar accions que facin malb\u00e9, interrompin o generin errors en els sistemes.<\/p>\n<p>L\u2019Usuari no podr\u00e0 introduir volunt\u00e0riament, programes, virus, macros applets, controls, ActiveX o qualsevol altre dispositiu l\u00f2gic o seq\u00fc\u00e8ncia de car\u00e0cters que pogu\u00e9s causar o ser susceptible de causar qualsevol alteraci\u00f3, reducci\u00f3 de la funcionalitat i\/o velocitat, destrucci\u00f3 dels sistemes inform\u00e0tics, del portal, les telecomunicacions, el programari i el maquinari de l\u2019ICAB i\/o de tercers.<\/p>\n<p>De la mateixa manera, l\u2019usuari t\u00e9 prohibit accedir als sistemes d\u2019una manera autom\u00e0tica sense autoritzaci\u00f3 de l\u2019ICAB.<\/p>\n<p>En el sup\u00f2sit de posar enlla\u00e7os a altres p\u00e0gines com ara YouTube, Facebook, LinkedIn i\/o Twitter, entre d\u2019altres, l\u2019usuari s\u2019encarregar\u00e0 de complir amb les normes establertes tant en les altres p\u00e0gines webs dels que proveeix com dins el portal\u00a0<a href=\"http:\/\/firaocupacio.icab.cat\" target=\"_blank\" rel=\"noopener\">http:\/\/firaocupacio.icab.cat<\/a><\/p>\n<p>L\u2019ICAB es reserva el dret a revisar i modificar les presents condicions sense previ av\u00eds. Recomanem revisi la versi\u00f3 i data d\u2019aquests termes i condicions.<\/p>\n<p><strong>3.- PROPIETAT INTEL\u00b7LECTUAL I INDUSTRIAL<\/strong><\/p>\n<p>El domini\u00a0<a href=\"http:\/\/firaocupacio.icab.cat\" target=\"_blank\" rel=\"noopener\">http:\/\/firaocupacio.icab.cat<\/a>\u00a0i els continguts inclosos en aquest lloc web (articles, textos, imatges, logotips, marques, botons, arxius de software, esl\u00f2gans, dissenys, programes d\u2019ordinador i els seus elements -codis font, interf\u00edcies, aplicacions \u2026 -, estructura, disseny i qualssevol altres), estan protegits per la legislaci\u00f3 vigent en propietat industrial i intel\u00b7lectual i s\u00f3n propietat de l\u2019ICAB o de tercers que han autoritzat el seu \u00fas a l\u2019ICAB.<\/p>\n<p>Tot contingut que de forma espec\u00edfica es trobi en aquesta web sota llic\u00e8ncia Creative Commons, o qualsevol altra similar, podr\u00e0 ser tractat d\u2019acord amb el que s\u2019especifiqui en aquesta llic\u00e8ncia. En cas contrari, queda expressament prohibit qualsevol tipus d\u2019explotaci\u00f3 (reproducci\u00f3, c\u00f2pia, distribuci\u00f3, modificaci\u00f3, transformaci\u00f3, supressi\u00f3, manipulaci\u00f3) d\u2019aquest lloc web sense la pr\u00e8via i expressa autoritzaci\u00f3 de l\u2019ICAB.<\/p>\n<p>L\u2019acc\u00e9s a aquest lloc web no suposa, en cap cas, adquisici\u00f3 per part dels usuaris de cap dret de propietat sobre els continguts que figuren en el mateix.<\/p>\n<p>Queda restringit l\u2019\u00fas de logos i imatges propis de\u00a0<a href=\"http:\/\/www.icab.cat\/\" target=\"_blank\" rel=\"noopener\">www.icab.cat<\/a>\u00a0aix\u00ed com del domini\u00a0<a href=\"http:\/\/firaocupacio.icab.cat\" target=\"_blank\" rel=\"noopener\">http:\/\/firaocupacio.icab.cat<\/a>\u00a0i de tots els continguts que es trobin en aquesta p\u00e0gina web. Totes les imatges i formats audiovisuals s\u00f3n de titularitat l\u2019ICAB, a excepci\u00f3 d\u2019aquelles imatges que facin refer\u00e8ncia a productes i\/o serveis de tercers, sent aquests \u00faltims els que pertanyen els drets de totes les imatges sobre diferents productes i serveis.<\/p>\n<p>Per al cas de voler utilitzar qualsevol dels continguts no llicenciats sota criteris Creative Commons, s\u2019ha de procedir a la sol\u00b7licitud d\u2019autoritzaci\u00f3 expressa a l\u2019adre\u00e7a de correu electr\u00f2nic\u00a0<a href=\"mailto:soop@icab.cat\">soop@icab.cat<\/a>.<\/p>\n<p>S\u2019autoritza la visualitzaci\u00f3, la impressi\u00f3 i la desc\u00e0rrega parcial del contingut d\u2019aquesta p\u00e0gina web, \u00fanicament i exclusiva si es compleixen els seg\u00fcents requisits:<\/p>\n<p>\u2022 Que sigui compatible amb la finalitat del web<br \/>\n\u2022 Que es realitzi amb l\u2019exclusiu \u00e0nim d\u2019obtenir informaci\u00f3 continguda per a \u00fas personal i privat. Es prohibeix de manera expressa la seva utilitzaci\u00f3 amb finalitats comercials per a la seva distribuci\u00f3, comunicaci\u00f3 p\u00fablica, transformaci\u00f3 o descompilaci\u00f3.<br \/>\n\u2022 Que cap dels continguts relacionats amb el web sigui modificat de cap manera.<br \/>\n\u2022 Que cap gr\u00e0fic, icona o imatge disponible al web sigui utilitzat, copiat o distribu\u00eft separadament del text o de la resta d\u2019imatges que l\u2019acompanyen.<br \/>\n\u2022 Qualsevol altre \u00fas haur\u00e0 de ser comunicat i autoritzat, pr\u00e8via i expressament.<\/p>\n<p><strong>4.- RESPONSABILITAT PER CONTINGUTS<\/strong><\/p>\n<p><em>Responsabilitat per continguts propis<\/em>:<\/p>\n<p>La informaci\u00f3 i opinions contingudes en qualsevol lloc d\u2019aquest web, inclosos els articles del bloc i els seus comentaris, i qualsevol que sigui el seu autor, no poden considerar-se com assessorament jur\u00eddic o recomanacions.<\/p>\n<p>L\u2019ICAB no disposa de la informaci\u00f3 necess\u00e0ria i adequada perqu\u00e8 qualsevol de les opinions, articles, not\u00edcies o comentaris continguts en aquest web o al bloc estiguin en condicions de servir com assessorament ni per a casos reals ni hipot\u00e8tics.<\/p>\n<p>No ens fem responsables de qualsevol \u00fas que es doni als continguts d\u2019aquest web que contravingui l\u2019advert\u00e8ncia anterior i aconsellem a l\u2019usuari sempre consultar pr\u00e8viament a un expert de la seva confian\u00e7a.<\/p>\n<p><em>Responsabilitat per continguts de tercers<\/em>:<\/p>\n<p>Els articles del bloc no reflecteixen necess\u00e0riament el sentir o l\u2019opini\u00f3 de l\u2019ICAB. Les opinions i interpretacions contingudes en els articles s\u00f3n pr\u00f2pies dels autors col\u00b7laboradors del bloc, de manera que ICAB no garanteix la seva utilitat, veracitat, exactitud, exhaustivitat i actualitat.<\/p>\n<p>L\u2019ICAB no est\u00e0 necess\u00e0riament d\u2019acord amb els comentaris que terceres persones publiquin al bloc, de manera que no es responsabilitza dels mateixos, reservant-se el dret d\u2019eliminar aquells comentaris resultin ofensius o denigrants, o aquells dels quals es tingui coneixement efectiu de la seva il\u00b7licitud per vulnerar b\u00e9ns o drets de tercers susceptibles d\u2019indemnitzaci\u00f3.<br \/>\nMitjan\u00e7ant una aplicaci\u00f3 web que d\u00f3na suport al bloc de la p\u00e0gina web, s\u2019ofereix als usuaris la possibilitat de participar al web aportant opinions i missatges.<\/p>\n<p>S\u2019informa a l\u2019usuari que tots els comentaris seran sotmesos a l\u2019auto-regulaci\u00f3 per l\u2019Administrador del propi web, tenint la facultat de censurar les aportacions que contravinguin els termes i condicions d\u2019\u00fas i Privadesa.<\/p>\n<p>A aquest efecte, el moderador o administrador es reservar\u00e0 aix\u00ed mateix la potestat i el dret a fer revisi\u00f3, modificar, esborrar i\/o eliminar les aportacions d\u2019altres usuaris que puguin estar vulnerant els Termes i Condicions d\u2019\u00das, Privadesa i, si \u00e9s el cas, procedir a la denegaci\u00f3 de l\u2019acc\u00e9s i \/ o \u00fas present o futur de la p\u00e0gina web o de qualssevol dels continguts, productes i\/o serveis.<\/p>\n<p>De la mateixa manera, la inclusi\u00f3 en aquest web d\u2019hipervincles no implica necess\u00e0riament l\u2019acceptaci\u00f3 del que en ells es contingui, ni cap vinculaci\u00f3 amb el seu\/s autor\/s. L\u2019ICAB declina, amb car\u00e0cter general, qualsevol tipus de responsabilitat en relaci\u00f3 amb el contingut d\u2019aquests enlla\u00e7os i es reserva el dret a eliminar, bloquejar o inutilitzar, qualsevol enlla\u00e7 que redirigeixi al contingut del que tinguem coneixement efectiu de la seva il\u00b7licitud.<\/p>\n<p>Si algun usuari considera que qualsevol contingut o enlla\u00e7 que es trobi en aquest web \u00e9s il\u00b7l\u00edcit, pot dirigir-se a l\u2019adre\u00e7a postal o a l\u2019adre\u00e7a de correu electr\u00f2nic indicats en l\u2019apartat 1 de les presents condicions, identificant-se amb nom i cognoms, aportant una adre\u00e7a v\u00e0lida per poder respondre a la seva comunicaci\u00f3 i identificant amb precisi\u00f3 l\u2019enlla\u00e7 o comentari, o la part dels mateixos, que considera il\u00b7l\u00edcit i les causes per les quals aix\u00ed ho considera.<\/p>\n<p>S\u2019informa a l\u2019usuari, que, en el cas que ens dirigeixi notificaci\u00f3 als efectes recollits en el par\u00e0graf anterior, les seves dades personals per ell facilitades seran incorporades a un fitxer titularitat de l\u2019ICAB, i tractades amb la finalitat de donar resposta a la seva requeriment. Podr\u00e0 exercir els seus drets d\u2019acc\u00e9s, rectificaci\u00f3, cancel\u00b7laci\u00f3 i oposici\u00f3 de la mateixa manera que queda establerta en l\u2019apartat de pol\u00edtica de protecci\u00f3 de dades.<\/p>\n<p><strong>5. RESPONSABILITAT PER FUNCIONAMENT<\/strong><\/p>\n<p><em>Exempci\u00f3 de responsabilitat pels continguts o el funcionament de la p\u00e0gina web:<\/em><\/p>\n<p>L\u2019ICAB no garanteix la inexist\u00e8ncia d\u2019interrupcions o errors en l\u2019acc\u00e9s al Web o al seu contingut, ni que aquest es trobi actualitzat.<\/p>\n<p>L\u2019ICAB desenvolupar\u00e0 els seus millors esfor\u00e7os amb la finalitat de corregir els errors, restablir les comunicacions i actualitzar els continguts, sempre que no sorgeixin causes que ho facin impossible o siguin de dif\u00edcil execuci\u00f3, i, tan aviat com es tingui coneixement de les desconnexions o de la falta d\u2019actualitzaci\u00f3 dels continguts.<br \/>\nExempci\u00f3 de responsabilitat per l\u2019\u00fas del web.<\/p>\n<p>Tant l\u2019acc\u00e9s al web com l\u2019\u00fas no consentit que es pugui fer d\u2019ell i de la informaci\u00f3 que en ell es cont\u00e9, \u00e9s d\u2019exclusiva responsabilitat de l\u2019usuari que el realitzi.<\/p>\n<p>L\u2019ICAB no respondr\u00e0 de cap conseq\u00fc\u00e8ncia, dany o perjudici que es pugui derivar d\u2019aquest tipus d\u2019acc\u00e9s i d\u2019\u00fas.<\/p>\n<p>L\u2019ICAB no es fa responsable dels errors de seguretat que es puguin produir ni dels danys que es puguin causar al sistema inform\u00e0tic de l\u2019usuari (maquinari i programari) o en els fitxers o documents emmagatzemats en aquest, com a conseq\u00fc\u00e8ncia de:<\/p>\n<p>\u2022 Pres\u00e8ncia de virus a l\u2019ordinador de l\u2019usuari que sigui utilitzat per la connexi\u00f3 als serveis i continguts del web\u00a0<a href=\"http:\/\/firaocupacio.icab.cat\" target=\"_blank\" rel=\"noopener\">http:\/\/firaocupacio.icab.cat<\/a>.<\/p>\n<p>\u2022 El mal funcionament del navegador o perdre l\u2019\u00fas de les versions no actualitzades. L\u2019usuari es compromet a utilitzar la p\u00e0gina web, els seus continguts i serveis de conformitat amb la Llei i d\u2019acord amb aquest av\u00eds legal. L\u2019usuari s\u2019abstindr\u00e0 en tot moment d\u2019utilitzar qualsevol de les informacions o serveis amb finalitats il\u00b7l\u00edcites, prohibides o lesives pels interessos de tercers.<\/p>\n<p><strong>6. RESERVES DE DOMINI I MODIFICACIONS<\/strong><\/p>\n<p>L\u2019ICAB es reserva la facultat d\u2019efectuar en qualsevol moment i sense necessitat de previ av\u00eds, modificacions i actualitzacions de la informaci\u00f3 continguda en la p\u00e0gina web, de la configuraci\u00f3 d\u2019aquesta i de les condicions d\u2019acc\u00e9s a aquesta.<\/p>\n<p><strong>7.- JURISDICCI\u00d3 I LEGISLACI\u00d3:<\/strong><\/p>\n<p>Aquest lloc web es regeix per la legislaci\u00f3 espanyola i europea aplicable. Per a qualsevol controv\u00e8rsia que pogu\u00e9s suscitar-se en relaci\u00f3 amb els serveis prestats a trav\u00e9s d\u2019aquest web i no estigui establerta per llei la jurisdicci\u00f3 competent, seran competents els tribunals de Barcelona (Espanya).<\/p>\n","protected":false},"excerpt":{"rendered":"<p>La navegaci\u00f3 per aquest lloc web, i la seva utilitzaci\u00f3 sota qualsevol forma, es troba subjecta a les presents condicions que resultin aplicables en funci\u00f3 de l\u2019\u00fas que es faci del web. L\u2019usuari utilitzar\u00e0 el web de la Fira de l&#8217;Ocupaci\u00f3 conforme al present av\u00eds legal, la resta d\u2019avisos i cl\u00e0usules legals que es contenen &#8230; <a title=\"AVISO LEGAL\" class=\"read-more\" href=\"https:\/\/firaocupacio.icab.cat\/es\/avis-legal\/\" aria-label=\"Leer m\u00e1s sobre AVISO LEGAL\">Read more<\/a><\/p>\n","protected":false},"author":2,"featured_media":0,"parent":0,"menu_order":0,"comment_status":"closed","ping_status":"closed","template":"","meta":[],"_links":{"self":[{"href":"https:\/\/firaocupacio.icab.cat\/es\/wp-json\/wp\/v2\/pages\/542"}],"collection":[{"href":"https:\/\/firaocupacio.icab.cat\/es\/wp-json\/wp\/v2\/pages"}],"about":[{"href":"https:\/\/firaocupacio.icab.cat\/es\/wp-json\/wp\/v2\/types\/page"}],"author":[{"embeddable":true,"href":"https:\/\/firaocupacio.icab.cat\/es\/wp-json\/wp\/v2\/users\/2"}],"replies":[{"embeddable":true,"href":"https:\/\/firaocupacio.icab.cat\/es\/wp-json\/wp\/v2\/comments?post=542"}],"version-history":[{"count":2,"href":"https:\/\/firaocupacio.icab.cat\/es\/wp-json\/wp\/v2\/pages\/542\/revisions"}],"predecessor-version":[{"id":544,"href":"https:\/\/firaocupacio.icab.cat\/es\/wp-json\/wp\/v2\/pages\/542\/revisions\/544"}],"wp:attachment":[{"href":"https:\/\/firaocupacio.icab.cat\/es\/wp-json\/wp\/v2\/media?parent=542"}],"curies":[{"name":"wp","href":"https:\/\/api.w.org\/{rel}","templated":true}]}}